{"id":930,"date":"2020-06-09T14:53:52","date_gmt":"2020-06-09T18:53:52","guid":{"rendered":"https:\/\/www.slavicart.org\/ueber\/"},"modified":"2025-11-28T15:47:20","modified_gmt":"2025-11-28T20:47:20","slug":"ueber","status":"publish","type":"page","link":"https:\/\/www.slavicart.org\/de\/ueber\/","title":{"rendered":"\u00dcber"},"content":{"rendered":"<p>[et_pb_section fb_built=&#8220;1&#8243; admin_label=&#8220;Header&#8220; _builder_version=&#8220;4.16&#8243; background_image=&#8220;https:\/\/www.slavicart.org\/wp-content\/uploads\/2025\/10\/art-gallery-55.jpg&#8220; background_size=&#8220;initial&#8220; background_repeat=&#8220;repeat&#8220; hover_enabled=&#8220;0&#8243; global_colors_info=&#8220;{}&#8220; theme_builder_area=&#8220;post_content&#8220; sticky_enabled=&#8220;0&#8243;][et_pb_row custom_padding_last_edited=&#8220;off|phone&#8220; _builder_version=&#8220;4.16&#8243; background_position=&#8220;bottom_center&#8220; custom_padding_tablet=&#8220;17vw||17vw||false&#8220; use_custom_width=&#8220;on&#8220; width_unit=&#8220;off&#8220; custom_width_percent=&#8220;100%&#8220; locked=&#8220;off&#8220; global_colors_info=&#8220;{}&#8220; theme_builder_area=&#8220;post_content&#8220;][et_pb_column type=&#8220;4_4&#8243; _builder_version=&#8220;4.16&#8243; custom_padding=&#8220;|||&#8220; global_colors_info=&#8220;{}&#8220; custom_padding__hover=&#8220;|||&#8220; theme_builder_area=&#8220;post_content&#8220;][et_pb_text _builder_version=&#8220;4.16&#8243; text_font=&#8220;||||||||&#8220; header_font=&#8220;||||||||&#8220; header_2_font=&#8220;Prata|500|||||||&#8220; header_2_text_align=&#8220;left&#8220; header_2_font_size=&#8220;56px&#8220; header_2_line_height=&#8220;1.3em&#8220; transform_translate_linked=&#8220;off&#8220; max_width=&#8220;100%&#8220; max_width_tablet=&#8220;70%&#8220; max_width_last_edited=&#8220;off|phone&#8220; header_2_font_size_tablet=&#8220;40px&#8220; header_2_font_size_phone=&#8220;26px&#8220; header_2_font_size_last_edited=&#8220;on|desktop&#8220; global_colors_info=&#8220;{}&#8220; theme_builder_area=&#8220;post_content&#8220;]<\/p>\n<h2>\u00dcber uns<\/h2>\n<p>[\/et_pb_text][\/et_pb_column][\/et_pb_row][et_pb_row _builder_version=&#8220;4.16&#8243; global_colors_info=&#8220;{}&#8220; theme_builder_area=&#8220;post_content&#8220;][et_pb_column type=&#8220;4_4&#8243; _builder_version=&#8220;4.16&#8243; custom_padding=&#8220;|||&#8220; global_colors_info=&#8220;{}&#8220; custom_padding__hover=&#8220;|||&#8220; theme_builder_area=&#8220;post_content&#8220;][et_pb_text _builder_version=&#8220;4.27.4&#8243; text_font=&#8220;||||||||&#8220; header_font=&#8220;||||||||&#8220; max_width=&#8220;700px&#8220; module_alignment=&#8220;center&#8220; hover_enabled=&#8220;0&#8243; global_colors_info=&#8220;{}&#8220; theme_builder_area=&#8220;post_content&#8220; sticky_enabled=&#8220;0&#8243;]<\/p>\n<p>Die <strong>Slawische Kunstallianz<\/strong> ist eine engagierte gemeinn\u00fctzige Organisation, die sich der Bewahrung und W\u00fcrdigung des bemerkenswerten Mosaikkunsterbes der ehemaligen Sowjetunion verschrieben hat \u2013 einer Tradition, die \u00fcber zweitausend Jahre zur\u00fcckreicht und ihre Wurzeln im alten Mesopotamien hat. Unsere Arbeit konzentriert sich auf Regionen, die einst Teil der UdSSR waren, wo monumentale Mosaike \u00fcber Generationen hinweg als m\u00e4chtige Ausdrucksformen kulturellen Ausdrucks, politischer Erz\u00e4hlung und k\u00fcnstlerischer Innovation dienten.<br \/>W\u00e4hrend die Stadtentwicklung post-sowjetische Landschaften rasch ver\u00e4ndert, sind unz\u00e4hlige unersetzliche Mosaike von Zerst\u00f6rung oder Verwahrlosung bedroht. Wir dokumentieren, erforschen und setzen uns f\u00fcr diese gef\u00e4hrdeten Meisterwerke ein, bevor sie f\u00fcr immer verschwinden. Durch unser umfassendes digitales Archiv katalogisieren wir Hunderte von Wandgem\u00e4lden, geordnet nach Region, Jahrzehnt, Thema und K\u00fcnstler \u2013 sowohl gefeierte Meister als auch anonyme Sch\u00f6pfer, die unter schwierigen Umst\u00e4nden arbeiteten.<\/p>\n<p><strong>Unsere Mission<\/strong> geht \u00fcber die reine Bewahrung hinaus. Wir organisieren Bildungsreisen, Workshops, wissenschaftliche Symposien und Ausstellungen, die diese einzigartige Kunstform einem globalen Publikum zug\u00e4nglich machen. Indem wir die sozialen, politischen und kulturellen Kontexte erforschen, die diese Werke pr\u00e4gten, helfen wir Menschen, Mosaike nicht nur als dekorative Relikte, sondern als Fragmente kollektiver Erinnerung und lebendiger Geschichte zu verstehen.<\/p>\n<p>In gro\u00dfen U-Bahn-Stationen, Arbeiterpal\u00e4sten, Dorfkapellen und auf \u00f6ffentlichen Pl\u00e4tzen in weiten Gebieten gefunden, verk\u00f6rpern sowjetische Mosaike den k\u00fcnstlerischen Geist und die ideologischen K\u00e4mpfe verschiedener Gemeinschaften. Mit ihren lebendigen Farben, ihrer aufwendigen Handwerkskunst und ihrem monumentalen Ma\u00dfstab stellen sie eines der markantesten visuellen Erbe des 20. Jahrhunderts dar \u2013 und wir setzen uns daf\u00fcr ein, dass zuk\u00fcnftige Generationen sie bewundern und von ihnen lernen k\u00f6nnen.<\/p>\n<p>[\/et_pb_text][\/et_pb_column][\/et_pb_row][\/et_pb_section][et_pb_section fb_built=&#8220;1&#8243; admin_label=&#8220;About&#8220; _builder_version=&#8220;4.16&#8243; background_image=&#8220;https:\/\/www.slavicart.org\/wp-content\/uploads\/2025\/10\/art-gallery-55.jpg&#8220; background_size=&#8220;initial&#8220; background_repeat=&#8220;repeat&#8220; global_colors_info=&#8220;{}&#8220; theme_builder_area=&#8220;post_content&#8220;][et_pb_row _builder_version=&#8220;4.16&#8243; max_width=&#8220;1280px&#8220; global_colors_info=&#8220;{}&#8220; column_structure=&#8220;2_5,3_5&#8243; theme_builder_area=&#8220;post_content&#8220;][et_pb_column type=&#8220;2_5&#8243; _builder_version=&#8220;4.16&#8243; custom_padding=&#8220;|||&#8220; global_colors_info=&#8220;{}&#8220; custom_padding__hover=&#8220;|||&#8220; theme_builder_area=&#8220;post_content&#8220;][et_pb_image src=&#8220;https:\/\/www.slavicart.org\/wp-content\/uploads\/2025\/03\/AIG09127.jpg&#8220; _builder_version=&#8220;4.27.4&#8243; background_image=&#8220;https:\/\/www.slavicart.org\/wp-content\/uploads\/2025\/10\/art-gallery-56.png&#8220; background_size=&#8220;initial&#8220; background_position=&#8220;bottom_left&#8220; max_width_tablet=&#8220;560px&#8220; max_width_last_edited=&#8220;off|tablet&#8220; module_alignment=&#8220;right&#8220; custom_margin=&#8220;|-200px||&#8220; custom_margin_tablet=&#8220;|0px||&#8220; custom_margin_phone=&#8220;&#8220; custom_margin_last_edited=&#8220;on|tablet&#8220; custom_padding=&#8220;||40px|78px||&#8220; custom_padding_tablet=&#8220;40px|30px|0px|0px&#8220; custom_padding_phone=&#8220;&#8220; custom_padding_last_edited=&#8220;on|tablet&#8220; hover_enabled=&#8220;0&#8243; background_last_edited=&#8220;on|desktop&#8220; background_position_tablet=&#8220;top_right&#8220; box_shadow_style=&#8220;preset3&#8243; box_shadow_vertical=&#8220;20px&#8220; box_shadow_blur=&#8220;80px&#8220; box_shadow_spread=&#8220;0px&#8220; box_shadow_color=&#8220;rgba(67,58,122,0.2)&#8220; global_colors_info=&#8220;{}&#8220; theme_builder_area=&#8220;post_content&#8220; title_text=&#8220;AIG09127&#8243; sticky_enabled=&#8220;0&#8243;][\/et_pb_image][et_pb_image src=&#8220;https:\/\/www.slavicart.org\/wp-content\/uploads\/2025\/03\/AIG08782-1.jpg&#8220; _builder_version=&#8220;4.27.4&#8243; background_image=&#8220;https:\/\/www.slavicart.org\/wp-content\/uploads\/2025\/10\/art-gallery-59.png&#8220; background_size=&#8220;initial&#8220; background_position=&#8220;top_right&#8220; max_width=&#8220;560px&#8220; module_alignment=&#8220;right&#8220; custom_margin=&#8220;||30px&#8220; custom_padding=&#8220;40px|40px||&#8220; custom_padding_tablet=&#8220;|30px||&#8220; custom_padding_phone=&#8220;&#8220; custom_padding_last_edited=&#8220;on|desktop&#8220; hover_enabled=&#8220;0&#8243; box_shadow_style=&#8220;preset3&#8243; box_shadow_vertical=&#8220;20px&#8220; box_shadow_blur=&#8220;80px&#8220; box_shadow_spread=&#8220;0px&#8220; box_shadow_color=&#8220;rgba(67,58,122,0.2)&#8220; global_colors_info=&#8220;{}&#8220; theme_builder_area=&#8220;post_content&#8220; sticky_enabled=&#8220;0&#8243; title_text=&#8220;AIG08782 (1)&#8220;][\/et_pb_image][\/et_pb_column][et_pb_column type=&#8220;3_5&#8243; _builder_version=&#8220;4.16&#8243; custom_padding=&#8220;|||&#8220; global_colors_info=&#8220;{}&#8220; custom_padding__hover=&#8220;|||&#8220; theme_builder_area=&#8220;post_content&#8220;][et_pb_text _builder_version=&#8220;4.27.4&#8243; text_font=&#8220;||||||||&#8220; header_font=&#8220;|700|||||||&#8220; header_font_size=&#8220;20px&#8220; header_line_height=&#8220;1.3em&#8220; header_3_font=&#8220;|700|||||||&#8220; header_3_font_size=&#8220;30px&#8220; header_3_line_height=&#8220;1.3em&#8220; background_color=&#8220;#ffffff&#8220; custom_margin=&#8220;150px||&#8220; custom_margin_tablet=&#8220;0px|||&#8220; custom_margin_phone=&#8220;&#8220; custom_margin_last_edited=&#8220;on|tablet&#8220; custom_padding=&#8220;40px|40px|40px|40px|true|true&#8220; hover_enabled=&#8220;0&#8243; header_font_size_tablet=&#8220;&#8220; header_font_size_phone=&#8220;&#8220; header_font_size_last_edited=&#8220;on|desktop&#8220; box_shadow_style=&#8220;preset3&#8243; box_shadow_horizontal=&#8220;-70px&#8220; box_shadow_vertical=&#8220;70px&#8220; box_shadow_blur=&#8220;80px&#8220; box_shadow_spread=&#8220;0px&#8220; box_shadow_color=&#8220;rgba(67,58,122,0.1)&#8220; global_colors_info=&#8220;{}&#8220; theme_builder_area=&#8220;post_content&#8220; sticky_enabled=&#8220;0&#8243;]<\/p>\n<h3>Unsere Grundwerte<strong><\/strong><\/h3>\n<p><strong><\/strong><\/p>\n<p><strong>Bewahrung durch Handeln<\/strong> \u2013 Wir studieren Mosaike nicht nur \u2013 wir arbeiten aktiv daran, sie zu retten. Durch Partnerschaften mit lokalen Gemeinschaften, Gemeinden und internationalen Organisationen setzen wir Restaurierungsprojekte um, setzen uns f\u00fcr rechtlichen Schutz ein und stellen technisches Fachwissen zur Verf\u00fcgung, um sicherzustellen, dass diese Kunstwerke f\u00fcr zuk\u00fcnftige Wertsch\u00e4tzung erhalten bleiben.<\/p>\n<p><strong>Bildung &amp; Bewusstsein<\/strong> \u2013 Wissen ist die Grundlage der Bewahrung. Wir erstellen Bildungsprogramme, F\u00fchrungen, Workshops und wissenschaftliche Ressourcen, die einem vielf\u00e4ltigen Publikum helfen, den k\u00fcnstlerischen Wert, die historische Bedeutung und den kulturellen Kontext der sowjetischen Mosaikkunst zu verstehen.<\/p>\n<p><strong>Gemeinschaft &amp; Zusammenarbeit<\/strong> \u2013 Die Bewahrung von Mosaiken erfordert gemeinsame Anstrengungen. Wir verbinden Enthusiasten, Wissenschaftler, K\u00fcnstler, lokale Historiker und Denkmalpfleger weltweit, die unsere Leidenschaft teilen. \u00dcber unsere Plattform f\u00f6rdern wir den Dialog, teilen Forschungsergebnisse und koordinieren Erhaltungsbem\u00fchungen, die Grenzen \u00fcberschreiten.<\/p>\n<p>[\/et_pb_text][\/et_pb_column][\/et_pb_row][\/et_pb_section][et_pb_section fb_built=&#8220;1&#8243; admin_label=&#8220;Features&#8220; _builder_version=&#8220;4.16&#8243; background_image=&#8220;https:\/\/www.slavicart.org\/wp-content\/uploads\/2025\/10\/art-gallery-55.jpg&#8220; background_size=&#8220;initial&#8220; background_repeat=&#8220;repeat&#8220; global_colors_info=&#8220;{}&#8220; theme_builder_area=&#8220;post_content&#8220;][et_pb_row custom_padding_last_edited=&#8220;off|phone&#8220; _builder_version=&#8220;4.16&#8243; background_position=&#8220;bottom_center&#8220; custom_padding_tablet=&#8220;17vw||17vw||false&#8220; use_custom_width=&#8220;on&#8220; width_unit=&#8220;off&#8220; custom_width_percent=&#8220;100%&#8220; locked=&#8220;off&#8220; global_colors_info=&#8220;{}&#8220; theme_builder_area=&#8220;post_content&#8220;][et_pb_column type=&#8220;4_4&#8243; _builder_version=&#8220;4.16&#8243; custom_padding=&#8220;|||&#8220; global_colors_info=&#8220;{}&#8220; custom_padding__hover=&#8220;|||&#8220; theme_builder_area=&#8220;post_content&#8220;][et_pb_text _builder_version=&#8220;4.27.4&#8243; text_font=&#8220;||||||||&#8220; header_font=&#8220;||||||||&#8220; header_2_font=&#8220;Prata|500|||||||&#8220; header_2_font_size=&#8220;56px&#8220; header_2_line_height=&#8220;1.3em&#8220; header_3_font=&#8220;|700||on|||||&#8220; header_3_text_color=&#8220;rgba(0,0,0,0.35)&#8220; header_3_font_size=&#8220;12px&#8220; header_3_letter_spacing=&#8220;5px&#8220; header_3_line_height=&#8220;2em&#8220; transform_translate_linked=&#8220;off&#8220; text_orientation=&#8220;center&#8220; max_width=&#8220;700px&#8220; max_width_tablet=&#8220;70%&#8220; max_width_last_edited=&#8220;off|phone&#8220; module_alignment=&#8220;center&#8220; hover_enabled=&#8220;0&#8243; header_2_font_size_tablet=&#8220;40px&#8220; header_2_font_size_phone=&#8220;26px&#8220; header_2_font_size_last_edited=&#8220;on|phone&#8220; header_3_font_size_phone=&#8220;10px&#8220; header_3_font_size_last_edited=&#8220;off|desktop&#8220; module_alignment_last_edited=&#8220;off|desktop&#8220; text_text_align=&#8220;center&#8220; global_colors_info=&#8220;{}&#8220; theme_builder_area=&#8220;post_content&#8220; sticky_enabled=&#8220;0&#8243;]<\/p>\n<h2>Unsere Mission in Aktion<\/h2>\n<p>[\/et_pb_text][\/et_pb_column][\/et_pb_row][et_pb_row use_custom_gutter=&#8220;on&#8220; gutter_width=&#8220;2&#8243; _builder_version=&#8220;4.16&#8243; locked=&#8220;off&#8220; global_colors_info=&#8220;{}&#8220; column_structure=&#8220;1_4,1_4,1_4,1_4&#8243; theme_builder_area=&#8220;post_content&#8220;][et_pb_column type=&#8220;1_4&#8243; _builder_version=&#8220;4.16&#8243; custom_padding=&#8220;|||&#8220; global_colors_info=&#8220;{}&#8220; custom_padding__hover=&#8220;|||&#8220; theme_builder_area=&#8220;post_content&#8220;][et_pb_image src=&#8220;https:\/\/www.slavicart.org\/wp-content\/uploads\/2025\/10\/Untitled-design-94.jpg&#8220; align=&#8220;center&#8220; _builder_version=&#8220;4.27.4&#8243; hover_enabled=&#8220;0&#8243; border_width_all=&#8220;16px&#8220; border_color_all=&#8220;#ffffff&#8220; border_width_all_last_edited=&#8220;off|desktop&#8220; box_shadow_style=&#8220;preset4&#8243; box_shadow_horizontal=&#8220;0px&#8220; box_shadow_vertical=&#8220;0px&#8220; box_shadow_spread=&#8220;1px&#8220; box_shadow_color=&#8220;rgba(0,0,0,0.34)&#8220; global_colors_info=&#8220;{}&#8220; box_shadow_color__hover=&#8220;#000000&#8243; border_width_all__hover=&#8220;20px&#8220; theme_builder_area=&#8220;post_content&#8220; title_text=&#8220;Untitled design (94)&#8220; sticky_enabled=&#8220;0&#8243;][\/et_pb_image][et_pb_text ul_position=&#8220;inside&#8220; _builder_version=&#8220;4.27.4&#8243; text_font=&#8220;||||||||&#8220; ul_font=&#8220;||||||||&#8220; header_font=&#8220;|700|||||||&#8220; header_font_size=&#8220;20px&#8220; header_line_height=&#8220;1.3em&#8220; header_3_font=&#8220;|700|||||||&#8220; header_3_font_size=&#8220;14px&#8220; header_3_line_height=&#8220;1.3em&#8220; text_orientation=&#8220;center&#8220; hover_enabled=&#8220;0&#8243; text_text_align=&#8220;center&#8220; locked=&#8220;off&#8220; global_colors_info=&#8220;{}&#8220; theme_builder_area=&#8220;post_content&#8220; sticky_enabled=&#8220;0&#8243;]<\/p>\n<h3>Entdecken Sie die Geschichte der Mosaike<\/h3>\n<p>Durchsuchen Sie unsere kuratierte Sammlung mit Hunderten von Wandgem\u00e4lden, geordnet nach Region, Jahrzehnt und Thema. Erfahren Sie mehr \u00fcber die K\u00fcnstler \u2013 sowohl gefeierte als auch unbesungene \u2013, die diese massiven Werke schufen.<\/p>\n<p>[\/et_pb_text][\/et_pb_column][et_pb_column type=&#8220;1_4&#8243; _builder_version=&#8220;4.16&#8243; custom_padding=&#8220;|||&#8220; global_colors_info=&#8220;{}&#8220; custom_padding__hover=&#8220;|||&#8220; theme_builder_area=&#8220;post_content&#8220;][et_pb_image src=&#8220;https:\/\/www.slavicart.org\/wp-content\/uploads\/2025\/10\/Untitled-design-95.jpg&#8220; align=&#8220;center&#8220; _builder_version=&#8220;4.27.4&#8243; hover_enabled=&#8220;0&#8243; border_width_all=&#8220;16px&#8220; border_color_all=&#8220;#ffffff&#8220; border_width_all_last_edited=&#8220;off|desktop&#8220; box_shadow_style=&#8220;preset4&#8243; box_shadow_horizontal=&#8220;0px&#8220; box_shadow_vertical=&#8220;0px&#8220; box_shadow_spread=&#8220;1px&#8220; box_shadow_color=&#8220;rgba(0,0,0,0.34)&#8220; global_colors_info=&#8220;{}&#8220; box_shadow_color__hover=&#8220;#000000&#8243; border_width_all__hover=&#8220;20px&#8220; theme_builder_area=&#8220;post_content&#8220; title_text=&#8220;Untitled design (95)&#8220; sticky_enabled=&#8220;0&#8243;][\/et_pb_image][et_pb_text ul_position=&#8220;inside&#8220; _builder_version=&#8220;4.27.4&#8243; text_font=&#8220;||||||||&#8220; ul_font=&#8220;||||||||&#8220; header_font=&#8220;|700|||||||&#8220; header_font_size=&#8220;20px&#8220; header_line_height=&#8220;1.3em&#8220; header_3_font=&#8220;|700|||||||&#8220; header_3_font_size=&#8220;14px&#8220; header_3_line_height=&#8220;1.3em&#8220; text_orientation=&#8220;center&#8220; hover_enabled=&#8220;0&#8243; text_text_align=&#8220;center&#8220; locked=&#8220;off&#8220; global_colors_info=&#8220;{}&#8220; theme_builder_area=&#8220;post_content&#8220; sticky_enabled=&#8220;0&#8243;]<\/p>\n<h3>Bildungsprogramme<\/h3>\n<p>Nehmen Sie an unseren Bildungsreisen, Workshops und Ausstellungen teil, die darauf abzielen, eine breite Wertsch\u00e4tzung und ein Verst\u00e4ndnis der sowjetischen Mosaikkunst und ihrer einzigartigen kulturellen Bedeutung zu f\u00f6rdern.<\/p>\n<p>[\/et_pb_text][\/et_pb_column][et_pb_column type=&#8220;1_4&#8243; _builder_version=&#8220;4.16&#8243; custom_padding=&#8220;|||&#8220; global_colors_info=&#8220;{}&#8220; custom_padding__hover=&#8220;|||&#8220; theme_builder_area=&#8220;post_content&#8220;][et_pb_image src=&#8220;https:\/\/www.slavicart.org\/wp-content\/uploads\/2025\/10\/3.jpg&#8220; align=&#8220;center&#8220; _builder_version=&#8220;4.27.4&#8243; hover_enabled=&#8220;0&#8243; border_width_all=&#8220;16px&#8220; border_color_all=&#8220;#ffffff&#8220; border_width_all_last_edited=&#8220;off|desktop&#8220; box_shadow_style=&#8220;preset4&#8243; box_shadow_horizontal=&#8220;0px&#8220; box_shadow_vertical=&#8220;0px&#8220; box_shadow_spread=&#8220;1px&#8220; box_shadow_color=&#8220;rgba(0,0,0,0.34)&#8220; global_colors_info=&#8220;{}&#8220; box_shadow_color__hover=&#8220;#000000&#8243; border_width_all__hover=&#8220;20px&#8220; theme_builder_area=&#8220;post_content&#8220; title_text=&#8220;3&#8243; sticky_enabled=&#8220;0&#8243;][\/et_pb_image][et_pb_text ul_position=&#8220;inside&#8220; _builder_version=&#8220;4.27.4&#8243; text_font=&#8220;||||||||&#8220; ul_font=&#8220;||||||||&#8220; header_font=&#8220;|700|||||||&#8220; header_font_size=&#8220;20px&#8220; header_line_height=&#8220;1.3em&#8220; header_3_font=&#8220;|700|||||||&#8220; header_3_font_size=&#8220;14px&#8220; header_3_line_height=&#8220;1.3em&#8220; text_orientation=&#8220;center&#8220; hover_enabled=&#8220;0&#8243; text_text_align=&#8220;center&#8220; locked=&#8220;off&#8220; global_colors_info=&#8220;{}&#8220; theme_builder_area=&#8220;post_content&#8220; sticky_enabled=&#8220;0&#8243;]<\/p>\n<h3>Erhaltungsmission<\/h3>\n<p class=\"whitespace-normal break-words\">Entdecken Sie unsere Bem\u00fchungen, diese Meisterwerke zu katalogisieren, zu konservieren und zu f\u00f6rdern, um sicherzustellen, dass sie von zuk\u00fcnftigen Generationen in verschiedenen Regionen bewundert und erhalten werden.<\/p>\n<p>[\/et_pb_text][\/et_pb_column][et_pb_column type=&#8220;1_4&#8243; _builder_version=&#8220;4.16&#8243; custom_padding=&#8220;|||&#8220; global_colors_info=&#8220;{}&#8220; custom_padding__hover=&#8220;|||&#8220; theme_builder_area=&#8220;post_content&#8220;][et_pb_image src=&#8220;https:\/\/www.slavicart.org\/wp-content\/uploads\/2025\/10\/5.jpg&#8220; align=&#8220;center&#8220; _builder_version=&#8220;4.27.4&#8243; hover_enabled=&#8220;0&#8243; border_width_all=&#8220;16px&#8220; border_color_all=&#8220;#ffffff&#8220; border_width_all_last_edited=&#8220;off|desktop&#8220; box_shadow_style=&#8220;preset4&#8243; box_shadow_horizontal=&#8220;0px&#8220; box_shadow_vertical=&#8220;0px&#8220; box_shadow_spread=&#8220;1px&#8220; box_shadow_color=&#8220;rgba(0,0,0,0.34)&#8220; locked=&#8220;off&#8220; global_colors_info=&#8220;{}&#8220; box_shadow_color__hover=&#8220;#000000&#8243; border_width_all__hover=&#8220;20px&#8220; theme_builder_area=&#8220;post_content&#8220; title_text=&#8220;5&#8243; sticky_enabled=&#8220;0&#8243;][\/et_pb_image][et_pb_text ul_position=&#8220;inside&#8220; _builder_version=&#8220;4.27.4&#8243; text_font=&#8220;||||||||&#8220; ul_font=&#8220;||||||||&#8220; header_font=&#8220;|700|||||||&#8220; header_font_size=&#8220;20px&#8220; header_line_height=&#8220;1.3em&#8220; header_3_font=&#8220;|700|||||||&#8220; header_3_font_size=&#8220;14px&#8220; header_3_line_height=&#8220;1.3em&#8220; text_orientation=&#8220;center&#8220; hover_enabled=&#8220;0&#8243; text_text_align=&#8220;center&#8220; locked=&#8220;off&#8220; global_colors_info=&#8220;{}&#8220; theme_builder_area=&#8220;post_content&#8220; sticky_enabled=&#8220;0&#8243;]<\/p>\n<h3>Forschung &amp; Kontext<\/h3>\n<p>Erforschen Sie wissenschaftliche Studien, die den reichen sozialen, politischen und kulturellen Kontext hinter diesen Kunstwerken und die laufenden Bem\u00fchungen, sie zu dokumentieren, bevor sie verschwinden, aufdecken. <\/p>\n<p>[\/et_pb_text][\/et_pb_column][\/et_pb_row][\/et_pb_section][et_pb_section fb_built=&#8220;1&#8243; admin_label=&#8220;Footer&#8220; _builder_version=&#8220;4.16&#8243; background_size=&#8220;initial&#8220; background_repeat=&#8220;repeat-y&#8220; custom_padding=&#8220;0px|||||&#8220; saved_tabs=&#8220;all&#8220; locked=&#8220;off&#8220; global_colors_info=&#8220;{}&#8220; theme_builder_area=&#8220;post_content&#8220;][\/et_pb_section]<\/p>\n","protected":false},"excerpt":{"rendered":"<p>\u00dcber uns Die Slawische Kunstallianz ist eine engagierte gemeinn\u00fctzige Organisation, die sich der Bewahrung und W\u00fcrdigung des bemerkenswerten Mosaikkunsterbes der ehemaligen Sowjetunion verschrieben hat \u2013 einer Tradition, die \u00fcber zweitausend Jahre zur\u00fcckreicht und ihre Wurzeln im alten Mesopotamien hat. Unsere Arbeit konzentriert sich auf Regionen, die einst Teil der UdSSR waren, wo monumentale Mosaike \u00fcber [&hellip;]<\/p>\n","protected":false},"author":1,"featured_media":0,"parent":0,"menu_order":0,"comment_status":"closed","ping_status":"closed","template":"","meta":{"_et_pb_use_builder":"on","_et_pb_old_content":"","_et_gb_content_width":"","inline_featured_image":false,"footnotes":""},"class_list":["post-930","page","type-page","status-publish","hentry"],"_links":{"self":[{"href":"https:\/\/www.slavicart.org\/de\/wp-json\/wp\/v2\/pages\/930","targetHints":{"allow":["GET"]}}],"collection":[{"href":"https:\/\/www.slavicart.org\/de\/wp-json\/wp\/v2\/pages"}],"about":[{"href":"https:\/\/www.slavicart.org\/de\/wp-json\/wp\/v2\/types\/page"}],"author":[{"embeddable":true,"href":"https:\/\/www.slavicart.org\/de\/wp-json\/wp\/v2\/users\/1"}],"replies":[{"embeddable":true,"href":"https:\/\/www.slavicart.org\/de\/wp-json\/wp\/v2\/comments?post=930"}],"version-history":[{"count":1,"href":"https:\/\/www.slavicart.org\/de\/wp-json\/wp\/v2\/pages\/930\/revisions"}],"predecessor-version":[{"id":931,"href":"https:\/\/www.slavicart.org\/de\/wp-json\/wp\/v2\/pages\/930\/revisions\/931"}],"wp:attachment":[{"href":"https:\/\/www.slavicart.org\/de\/wp-json\/wp\/v2\/media?parent=930"}],"curies":[{"name":"wp","href":"https:\/\/api.w.org\/{rel}","templated":true}]}}