{"id":920,"date":"2020-06-09T14:53:52","date_gmt":"2020-06-09T18:53:52","guid":{"rendered":"https:\/\/www.slavicart.org\/acerca-de\/"},"modified":"2025-12-01T15:27:36","modified_gmt":"2025-12-01T20:27:36","slug":"acerca-de","status":"publish","type":"page","link":"https:\/\/www.slavicart.org\/es\/acerca-de\/","title":{"rendered":"Acerca de"},"content":{"rendered":"<p>[et_pb_section fb_built=\u00bb1&#8243; admin_label=\u00bbHeader\u00bb _builder_version=\u00bb4.16&#8243; background_image=\u00bbhttps:\/\/www.slavicart.org\/wp-content\/uploads\/2025\/10\/art-gallery-55.jpg\u00bb background_size=\u00bbinitial\u00bb background_repeat=\u00bbrepeat\u00bb global_colors_info=\u00bb{}\u00bb][et_pb_row custom_padding_last_edited=\u00bboff|phone\u00bb _builder_version=\u00bb4.16&#8243; background_position=\u00bbbottom_center\u00bb custom_padding_tablet=\u00bb17vw||17vw||false\u00bb use_custom_width=\u00bbon\u00bb width_unit=\u00bboff\u00bb custom_width_percent=\u00bb100%\u00bb locked=\u00bboff\u00bb global_colors_info=\u00bb{}\u00bb][et_pb_column type=\u00bb4_4&#8243; _builder_version=\u00bb4.16&#8243; custom_padding=\u00bb|||\u00bb global_colors_info=\u00bb{}\u00bb custom_padding__hover=\u00bb|||\u00bb][et_pb_text _builder_version=\u00bb4.16&#8243; text_font=\u00bb||||||||\u00bb header_font=\u00bb||||||||\u00bb header_2_font=\u00bbPrata|500|||||||\u00bb header_2_text_align=\u00bbleft\u00bb header_2_font_size=\u00bb56px\u00bb header_2_line_height=\u00bb1.3em\u00bb transform_translate_linked=\u00bboff\u00bb max_width=\u00bb100%\u00bb max_width_tablet=\u00bb70%\u00bb max_width_last_edited=\u00bboff|phone\u00bb header_2_font_size_tablet=\u00bb40px\u00bb header_2_font_size_phone=\u00bb26px\u00bb header_2_font_size_last_edited=\u00bbon|desktop\u00bb global_colors_info=\u00bb{}\u00bb]<\/p>\n<h2>Sobre nosotros<\/h2>\n<p>[\/et_pb_text][\/et_pb_column][\/et_pb_row][et_pb_row _builder_version=\u00bb4.16&#8243; global_colors_info=\u00bb{}\u00bb][et_pb_column type=\u00bb4_4&#8243; _builder_version=\u00bb4.16&#8243; custom_padding=\u00bb|||\u00bb global_colors_info=\u00bb{}\u00bb custom_padding__hover=\u00bb|||\u00bb][et_pb_text _builder_version=\u00bb4.27.4&#8243; text_font=\u00bb||||||||\u00bb header_font=\u00bb||||||||\u00bb max_width=\u00bb700px\u00bb module_alignment=\u00bbcenter\u00bb hover_enabled=\u00bb0&#8243; global_colors_info=\u00bb{}\u00bb sticky_enabled=\u00bb0&#8243;]<\/p>\n<p><strong>Alianza del arte eslavo<\/strong> es una organizaci\u00f3n sin \u00e1nimo de lucro dedicada a la preservaci\u00f3n y celebraci\u00f3n del extraordinario patrimonio del arte en mosaico de la antigua Uni\u00f3n Sovi\u00e9tica, una tradici\u00f3n que abarca m\u00e1s de dos mil a\u00f1os con ra\u00edces en la antigua Mesopotamia. Nuestro trabajo se centra en las regiones que antes formaban parte de la URSS, donde los mosaicos monumentales han servido como poderosos medios de expresi\u00f3n cultural, narrativa pol\u00edtica e innovaci\u00f3n art\u00edstica durante generaciones.<br \/>A medida que el desarrollo urbano transforma r\u00e1pidamente los paisajes postsovi\u00e9ticos, innumerables mosaicos irremplazables se enfrentan a la destrucci\u00f3n o el abandono. Documentamos, investigamos y defendemos estas obras maestras en peligro de extinci\u00f3n antes de que desaparezcan para siempre. A trav\u00e9s de nuestro exhaustivo archivo digital, catalogamos cientos de murales organizados por regi\u00f3n, d\u00e9cada, tema y artista, tanto maestros c\u00e9lebres como creadores an\u00f3nimos que trabajaron en circunstancias dif\u00edciles.<\/p>\n<p><strong>Nuestra misi\u00f3n<\/strong> va m\u00e1s all\u00e1 de la preservaci\u00f3n. Organizamos visitas educativas, talleres, simposios acad\u00e9micos y exposiciones que acercan esta forma de arte \u00fanica a un p\u00fablico global. Al explorar los contextos sociales, pol\u00edticos y culturales que dieron forma a estas obras, ayudamos a la gente a entender los mosaicos no solo como reliquias decorativas, sino como fragmentos de memoria colectiva e historia viva.<\/p>\n<p>Encontrados en grandes estaciones de metro, palacios de trabajadores, capillas de pueblos y plazas p\u00fablicas en vastos territorios, los mosaicos sovi\u00e9ticos encarnan el esp\u00edritu art\u00edstico y las luchas ideol\u00f3gicas de diversas comunidades. Con sus colores vibrantes, su intrincada artesan\u00eda y su escala monumental, representan uno de los legados visuales m\u00e1s distintivos del siglo XX, y estamos comprometidos a garantizar que las generaciones futuras puedan admirarlos y aprender de ellos.<\/p>\n<p>[\/et_pb_text][\/et_pb_column][\/et_pb_row][\/et_pb_section][et_pb_section fb_built=\u00bb1&#8243; admin_label=\u00bbAbout\u00bb _builder_version=\u00bb4.16&#8243; background_image=\u00bbhttps:\/\/www.slavicart.org\/wp-content\/uploads\/2025\/10\/art-gallery-55.jpg\u00bb background_size=\u00bbinitial\u00bb background_repeat=\u00bbrepeat\u00bb global_colors_info=\u00bb{}\u00bb][et_pb_row column_structure=\u00bb2_5,3_5&#8243; _builder_version=\u00bb4.16&#8243; max_width=\u00bb1280px\u00bb global_colors_info=\u00bb{}\u00bb][et_pb_column type=\u00bb2_5&#8243; _builder_version=\u00bb4.16&#8243; custom_padding=\u00bb|||\u00bb global_colors_info=\u00bb{}\u00bb custom_padding__hover=\u00bb|||\u00bb][et_pb_image src=\u00bbhttps:\/\/www.slavicart.org\/wp-content\/uploads\/2025\/03\/AIG09127.jpg\u00bb title_text=\u00bbAIG09127&#8243; _builder_version=\u00bb4.27.4&#8243; background_image=\u00bbhttps:\/\/www.slavicart.org\/wp-content\/uploads\/2025\/10\/art-gallery-56.png\u00bb background_size=\u00bbinitial\u00bb background_position=\u00bbbottom_left\u00bb max_width_tablet=\u00bb560px\u00bb max_width_last_edited=\u00bboff|tablet\u00bb module_alignment=\u00bbright\u00bb custom_margin=\u00bb|-200px||\u00bb custom_margin_tablet=\u00bb|0px||\u00bb custom_margin_phone=\u00bb\u00bb custom_margin_last_edited=\u00bbon|tablet\u00bb custom_padding=\u00bb||40px|78px||\u00bb custom_padding_tablet=\u00bb40px|30px|0px|0px\u00bb custom_padding_phone=\u00bb\u00bb custom_padding_last_edited=\u00bbon|tablet\u00bb background_last_edited=\u00bbon|desktop\u00bb background_position_tablet=\u00bbtop_right\u00bb box_shadow_style=\u00bbpreset3&#8243; box_shadow_vertical=\u00bb20px\u00bb box_shadow_blur=\u00bb80px\u00bb box_shadow_spread=\u00bb0px\u00bb box_shadow_color=\u00bbrgba(67,58,122,0.2)\u00bb global_colors_info=\u00bb{}\u00bb][\/et_pb_image][et_pb_image src=\u00bbhttps:\/\/www.slavicart.org\/wp-content\/uploads\/2025\/03\/AIG08782-1.jpg\u00bb title_text=\u00bbAIG08782 (1)\u00bb _builder_version=\u00bb4.27.4&#8243; background_image=\u00bbhttps:\/\/www.slavicart.org\/wp-content\/uploads\/2025\/10\/art-gallery-59.png\u00bb background_size=\u00bbinitial\u00bb background_position=\u00bbtop_right\u00bb max_width=\u00bb560px\u00bb module_alignment=\u00bbright\u00bb custom_margin=\u00bb||30px\u00bb custom_padding=\u00bb40px|40px||\u00bb custom_padding_tablet=\u00bb|30px||\u00bb custom_padding_phone=\u00bb\u00bb custom_padding_last_edited=\u00bbon|desktop\u00bb box_shadow_style=\u00bbpreset3&#8243; box_shadow_vertical=\u00bb20px\u00bb box_shadow_blur=\u00bb80px\u00bb box_shadow_spread=\u00bb0px\u00bb box_shadow_color=\u00bbrgba(67,58,122,0.2)\u00bb global_colors_info=\u00bb{}\u00bb][\/et_pb_image][\/et_pb_column][et_pb_column type=\u00bb3_5&#8243; _builder_version=\u00bb4.16&#8243; custom_padding=\u00bb|||\u00bb global_colors_info=\u00bb{}\u00bb custom_padding__hover=\u00bb|||\u00bb][et_pb_text _builder_version=\u00bb4.27.4&#8243; text_font=\u00bb||||||||\u00bb header_font=\u00bb|700|||||||\u00bb header_font_size=\u00bb20px\u00bb header_line_height=\u00bb1.3em\u00bb header_3_font=\u00bb|700|||||||\u00bb header_3_font_size=\u00bb30px\u00bb header_3_line_height=\u00bb1.3em\u00bb background_color=\u00bb#ffffff\u00bb custom_margin=\u00bb150px||\u00bb custom_margin_tablet=\u00bb0px|||\u00bb custom_margin_phone=\u00bb\u00bb custom_margin_last_edited=\u00bbon|tablet\u00bb custom_padding=\u00bb40px|40px|40px|40px|true|true\u00bb header_font_size_tablet=\u00bb\u00bb header_font_size_phone=\u00bb\u00bb header_font_size_last_edited=\u00bbon|desktop\u00bb box_shadow_style=\u00bbpreset3&#8243; box_shadow_horizontal=\u00bb-70px\u00bb box_shadow_vertical=\u00bb70px\u00bb box_shadow_blur=\u00bb80px\u00bb box_shadow_spread=\u00bb0px\u00bb box_shadow_color=\u00bbrgba(67,58,122,0.1)\u00bb global_colors_info=\u00bb{}\u00bb]<\/p>\n<h3>Nuestros valores fundamentales<strong><\/strong><\/h3>\n<p><strong><\/strong><\/p>\n<p><strong>Preservaci\u00f3n a trav\u00e9s de la acci\u00f3n<\/strong>: no solo estudiamos los mosaicos, sino que trabajamos activamente para salvarlos. A trav\u00e9s de asociaciones con comunidades locales, municipios y organizaciones internacionales, implementamos proyectos de restauraci\u00f3n, abogamos por protecciones legales y proporcionamos conocimientos t\u00e9cnicos para garantizar que estas obras de arte sobrevivan para su futura apreciaci\u00f3n.<\/p>\n<p><strong>Educaci\u00f3n y concienciaci\u00f3n<\/strong>: el conocimiento es la base de la preservaci\u00f3n. Creamos programas educativos, visitas guiadas, talleres y recursos acad\u00e9micos que ayudan a diversos p\u00fablicos a comprender el m\u00e9rito art\u00edstico, la importancia hist\u00f3rica y el contexto cultural del arte del mosaico sovi\u00e9tico.<\/p>\n<p><strong>Comunidad y colaboraci\u00f3n<\/strong>: la preservaci\u00f3n del mosaico requiere un esfuerzo colectivo. Conectamos a entusiastas, acad\u00e9micos, artistas, historiadores locales y conservacionistas de todo el mundo que comparten nuestra pasi\u00f3n. A trav\u00e9s de nuestra plataforma, fomentamos el di\u00e1logo, compartimos investigaciones y coordinamos los esfuerzos de conservaci\u00f3n que trascienden las fronteras.<\/p>\n<p>[\/et_pb_text][\/et_pb_column][\/et_pb_row][\/et_pb_section][et_pb_section fb_built=\u00bb1&#8243; admin_label=\u00bbFeatures\u00bb _builder_version=\u00bb4.16&#8243; background_image=\u00bbhttps:\/\/www.slavicart.org\/wp-content\/uploads\/2025\/10\/art-gallery-55.jpg\u00bb background_size=\u00bbinitial\u00bb background_repeat=\u00bbrepeat\u00bb global_colors_info=\u00bb{}\u00bb][et_pb_row custom_padding_last_edited=\u00bboff|phone\u00bb _builder_version=\u00bb4.16&#8243; background_position=\u00bbbottom_center\u00bb custom_padding_tablet=\u00bb17vw||17vw||false\u00bb use_custom_width=\u00bbon\u00bb width_unit=\u00bboff\u00bb custom_width_percent=\u00bb100%\u00bb locked=\u00bboff\u00bb global_colors_info=\u00bb{}\u00bb][et_pb_column type=\u00bb4_4&#8243; _builder_version=\u00bb4.16&#8243; custom_padding=\u00bb|||\u00bb global_colors_info=\u00bb{}\u00bb custom_padding__hover=\u00bb|||\u00bb][et_pb_text _builder_version=\u00bb4.27.4&#8243; text_font=\u00bb||||||||\u00bb header_font=\u00bb||||||||\u00bb header_2_font=\u00bbPrata|500|||||||\u00bb header_2_font_size=\u00bb56px\u00bb header_2_line_height=\u00bb1.3em\u00bb header_3_font=\u00bb|700||on|||||\u00bb header_3_text_color=\u00bbrgba(0,0,0,0.35)\u00bb header_3_font_size=\u00bb12px\u00bb header_3_letter_spacing=\u00bb5px\u00bb header_3_line_height=\u00bb2em\u00bb transform_translate_linked=\u00bboff\u00bb text_orientation=\u00bbcenter\u00bb max_width=\u00bb700px\u00bb max_width_tablet=\u00bb70%\u00bb max_width_last_edited=\u00bboff|phone\u00bb module_alignment=\u00bbcenter\u00bb header_2_font_size_tablet=\u00bb40px\u00bb header_2_font_size_phone=\u00bb26px\u00bb header_2_font_size_last_edited=\u00bbon|phone\u00bb header_3_font_size_phone=\u00bb10px\u00bb header_3_font_size_last_edited=\u00bboff|desktop\u00bb module_alignment_last_edited=\u00bboff|desktop\u00bb text_text_align=\u00bbcenter\u00bb global_colors_info=\u00bb{}\u00bb]<\/p>\n<h2>Nuestra misi\u00f3n en acci\u00f3n<\/h2>\n<p>[\/et_pb_text][\/et_pb_column][\/et_pb_row][et_pb_row column_structure=\u00bb1_4,1_4,1_4,1_4&#8243; use_custom_gutter=\u00bbon\u00bb gutter_width=\u00bb2&#8243; _builder_version=\u00bb4.16&#8243; locked=\u00bboff\u00bb global_colors_info=\u00bb{}\u00bb][et_pb_column type=\u00bb1_4&#8243; _builder_version=\u00bb4.16&#8243; custom_padding=\u00bb|||\u00bb global_colors_info=\u00bb{}\u00bb custom_padding__hover=\u00bb|||\u00bb][et_pb_image src=\u00bbhttps:\/\/www.slavicart.org\/wp-content\/uploads\/2025\/10\/Untitled-design-94.jpg\u00bb title_text=\u00bbDise\u00f1o sin t\u00edtulo (94)\u00bb align=\u00bbcenter\u00bb _builder_version=\u00bb4.27.4&#8243; border_width_all=\u00bb16px\u00bb border_color_all=\u00bb#ffffff\u00bb border_width_all_last_edited=\u00bboff|desktop\u00bb box_shadow_style=\u00bbpreset4&#8243; box_shadow_horizontal=\u00bb0px\u00bb box_shadow_vertical=\u00bb0px\u00bb box_shadow_spread=\u00bb1px\u00bb box_shadow_color=\u00bbrgba(0,0,0,0.34)\u00bb global_colors_info=\u00bb{}\u00bb box_shadow_color__hover=\u00bb#000000&#8243; border_width_all__hover=\u00bb20px\u00bb][\/et_pb_image][et_pb_text ul_position=\u00bbinside\u00bb _builder_version=\u00bb4.27.4&#8243; text_font=\u00bb||||||||\u00bb ul_font=\u00bb||||||||\u00bb header_font=\u00bb|700|||||||\u00bb header_font_size=\u00bb20px\u00bb header_line_height=\u00bb1.3em\u00bb header_3_font=\u00bb|700|||||||\u00bb header_3_font_size=\u00bb14px\u00bb header_3_line_height=\u00bb1.3em\u00bb text_orientation=\u00bbcenter\u00bb text_text_align=\u00bbcenter\u00bb locked=\u00bboff\u00bb global_colors_info=\u00bb{}\u00bb]<\/p>\n<h3>Explore la historia del mosaico<\/h3>\n<p>Explore nuestra colecci\u00f3n seleccionada con cientos de murales organizados por regi\u00f3n, d\u00e9cada y tema. Conozca a los artistas, tanto c\u00e9lebres como desconocidos, que crearon estas obras masivas.<\/p>\n<p>[\/et_pb_text][\/et_pb_column][et_pb_column type=\u00bb1_4&#8243; _builder_version=\u00bb4.16&#8243; custom_padding=\u00bb|||\u00bb global_colors_info=\u00bb{}\u00bb custom_padding__hover=\u00bb|||\u00bb][et_pb_image src=\u00bbhttps:\/\/www.slavicart.org\/wp-content\/uploads\/2025\/10\/Untitled-design-95.jpg\u00bb title_text=\u00bbDise\u00f1o sin t\u00edtulo (95)\u00bb align=\u00bbcenter\u00bb _builder_version=\u00bb4.27.4&#8243; border_width_all=\u00bb16px\u00bb border_color_all=\u00bb#ffffff\u00bb border_width_all_last_edited=\u00bboff|desktop\u00bb box_shadow_style=\u00bbpreset4&#8243; box_shadow_horizontal=\u00bb0px\u00bb box_shadow_vertical=\u00bb0px\u00bb box_shadow_spread=\u00bb1px\u00bb box_shadow_color=\u00bbrgba(0,0,0,0.34)\u00bb global_colors_info=\u00bb{}\u00bb box_shadow_color__hover=\u00bb#000000&#8243; border_width_all__hover=\u00bb20px\u00bb][\/et_pb_image][et_pb_text ul_position=\u00bbinside\u00bb _builder_version=\u00bb4.27.4&#8243; text_font=\u00bb||||||||\u00bb ul_font=\u00bb||||||||\u00bb header_font=\u00bb|700|||||||\u00bb header_font_size=\u00bb20px\u00bb header_line_height=\u00bb1.3em\u00bb header_3_font=\u00bb|700|||||||\u00bb header_3_font_size=\u00bb14px\u00bb header_3_line_height=\u00bb1.3em\u00bb text_orientation=\u00bbcenter\u00bb text_text_align=\u00bbcenter\u00bb locked=\u00bboff\u00bb global_colors_info=\u00bb{}\u00bb]<\/p>\n<h3>Programas educativos<\/h3>\n<p>\u00danase a nuestras visitas educativas, talleres y exposiciones dise\u00f1adas para fomentar una amplia apreciaci\u00f3n y comprensi\u00f3n del arte del mosaico sovi\u00e9tico y su singular importancia cultural.<\/p>\n<p>[\/et_pb_text][\/et_pb_column][et_pb_column type=\u00bb1_4&#8243; _builder_version=\u00bb4.16&#8243; custom_padding=\u00bb|||\u00bb global_colors_info=\u00bb{}\u00bb custom_padding__hover=\u00bb|||\u00bb][et_pb_image src=\u00bbhttps:\/\/www.slavicart.org\/wp-content\/uploads\/2025\/10\/3.jpg\u00bb title_text=\u00bb3&#8243; align=\u00bbcenter\u00bb _builder_version=\u00bb4.27.4&#8243; border_width_all=\u00bb16px\u00bb border_color_all=\u00bb#ffffff\u00bb border_width_all_last_edited=\u00bboff|desktop\u00bb box_shadow_style=\u00bbpreset4&#8243; box_shadow_horizontal=\u00bb0px\u00bb box_shadow_vertical=\u00bb0px\u00bb box_shadow_spread=\u00bb1px\u00bb box_shadow_color=\u00bbrgba(0,0,0,0.34)\u00bb global_colors_info=\u00bb{}\u00bb box_shadow_color__hover=\u00bb#000000&#8243; border_width_all__hover=\u00bb20px\u00bb][\/et_pb_image][et_pb_text ul_position=\u00bbinside\u00bb _builder_version=\u00bb4.27.4&#8243; text_font=\u00bb||||||||\u00bb ul_font=\u00bb||||||||\u00bb header_font=\u00bb|700|||||||\u00bb header_font_size=\u00bb20px\u00bb header_line_height=\u00bb1.3em\u00bb header_3_font=\u00bb|700|||||||\u00bb header_3_font_size=\u00bb14px\u00bb header_3_line_height=\u00bb1.3em\u00bb text_orientation=\u00bbcenter\u00bb text_text_align=\u00bbcenter\u00bb locked=\u00bboff\u00bb global_colors_info=\u00bb{}\u00bb]<\/p>\n<h3>Misi\u00f3n de conservaci\u00f3n<\/h3>\n<p class=\"whitespace-normal break-words\">Descubra nuestros esfuerzos para catalogar, conservar y promover estas obras maestras, garantizando que sean admiradas y preservadas para las generaciones futuras en diversas regiones.<\/p>\n<p>[\/et_pb_text][\/et_pb_column][et_pb_column type=\u00bb1_4&#8243; _builder_version=\u00bb4.16&#8243; custom_padding=\u00bb|||\u00bb global_colors_info=\u00bb{}\u00bb custom_padding__hover=\u00bb|||\u00bb][et_pb_image src=\u00bbhttps:\/\/www.slavicart.org\/wp-content\/uploads\/2025\/10\/5.jpg\u00bb title_text=\u00bb5&#8243; align=\u00bbcenter\u00bb _builder_version=\u00bb4.27.4&#8243; border_width_all=\u00bb16px\u00bb border_color_all=\u00bb#ffffff\u00bb border_width_all_last_edited=\u00bboff|desktop\u00bb box_shadow_style=\u00bbpreset4&#8243; box_shadow_horizontal=\u00bb0px\u00bb box_shadow_vertical=\u00bb0px\u00bb box_shadow_spread=\u00bb1px\u00bb box_shadow_color=\u00bbrgba(0,0,0,0.34)\u00bb locked=\u00bboff\u00bb global_colors_info=\u00bb{}\u00bb box_shadow_color__hover=\u00bb#000000&#8243; border_width_all__hover=\u00bb20px\u00bb][\/et_pb_image][et_pb_text ul_position=\u00bbinside\u00bb _builder_version=\u00bb4.27.4&#8243; text_font=\u00bb||||||||\u00bb ul_font=\u00bb||||||||\u00bb header_font=\u00bb|700|||||||\u00bb header_font_size=\u00bb20px\u00bb header_line_height=\u00bb1.3em\u00bb header_3_font=\u00bb|700|||||||\u00bb header_3_font_size=\u00bb14px\u00bb header_3_line_height=\u00bb1.3em\u00bb text_orientation=\u00bbcenter\u00bb text_text_align=\u00bbcenter\u00bb locked=\u00bboff\u00bb global_colors_info=\u00bb{}\u00bb]<\/p>\n<h3>Investigaci\u00f3n y contexto<\/h3>\n<p>Explore la investigaci\u00f3n acad\u00e9mica que descubre el rico contexto social, pol\u00edtico y cultural detr\u00e1s de estas obras de arte y los esfuerzos continuos para documentarlas antes de que desaparezcan. <\/p>\n<p>[\/et_pb_text][\/et_pb_column][\/et_pb_row][\/et_pb_section][et_pb_section fb_built=\u00bb1&#8243; admin_label=\u00bbFooter\u00bb _builder_version=\u00bb4.16&#8243; background_size=\u00bbinitial\u00bb background_repeat=\u00bbrepeat-y\u00bb custom_padding=\u00bb0px|||||\u00bb saved_tabs=\u00bball\u00bb locked=\u00bboff\u00bb global_colors_info=\u00bb{}\u00bb][\/et_pb_section]<\/p>\n","protected":false},"excerpt":{"rendered":"<p>Sobre nosotros Alianza del arte eslavo es una organizaci\u00f3n sin \u00e1nimo de lucro dedicada a la preservaci\u00f3n y celebraci\u00f3n del extraordinario patrimonio del arte en mosaico de la antigua Uni\u00f3n Sovi\u00e9tica, una tradici\u00f3n que abarca m\u00e1s de dos mil a\u00f1os con ra\u00edces en la antigua Mesopotamia. Nuestro trabajo se centra en las regiones que antes [&hellip;]<\/p>\n","protected":false},"author":1,"featured_media":0,"parent":0,"menu_order":0,"comment_status":"closed","ping_status":"closed","template":"","meta":{"_et_pb_use_builder":"on","_et_pb_old_content":"","_et_gb_content_width":"","inline_featured_image":false,"footnotes":""},"class_list":["post-920","page","type-page","status-publish","hentry"],"_links":{"self":[{"href":"https:\/\/www.slavicart.org\/es\/wp-json\/wp\/v2\/pages\/920","targetHints":{"allow":["GET"]}}],"collection":[{"href":"https:\/\/www.slavicart.org\/es\/wp-json\/wp\/v2\/pages"}],"about":[{"href":"https:\/\/www.slavicart.org\/es\/wp-json\/wp\/v2\/types\/page"}],"author":[{"embeddable":true,"href":"https:\/\/www.slavicart.org\/es\/wp-json\/wp\/v2\/users\/1"}],"replies":[{"embeddable":true,"href":"https:\/\/www.slavicart.org\/es\/wp-json\/wp\/v2\/comments?post=920"}],"version-history":[{"count":3,"href":"https:\/\/www.slavicart.org\/es\/wp-json\/wp\/v2\/pages\/920\/revisions"}],"predecessor-version":[{"id":1097,"href":"https:\/\/www.slavicart.org\/es\/wp-json\/wp\/v2\/pages\/920\/revisions\/1097"}],"wp:attachment":[{"href":"https:\/\/www.slavicart.org\/es\/wp-json\/wp\/v2\/media?parent=920"}],"curies":[{"name":"wp","href":"https:\/\/api.w.org\/{rel}","templated":true}]}}