{"id":924,"date":"2020-06-09T14:53:52","date_gmt":"2020-06-09T18:53:52","guid":{"rendered":"https:\/\/www.slavicart.org\/a-propos\/"},"modified":"2025-12-01T15:28:04","modified_gmt":"2025-12-01T20:28:04","slug":"a-propos","status":"publish","type":"page","link":"https:\/\/www.slavicart.org\/fr\/a-propos\/","title":{"rendered":"\u00c0 propos"},"content":{"rendered":"<p>[et_pb_section fb_built=\u00a0\u00bb1&Prime; admin_label=\u00a0\u00bbHeader\u00a0\u00bb _builder_version=\u00a0\u00bb4.16&Prime; background_image=\u00a0\u00bbhttps:\/\/www.slavicart.org\/wp-content\/uploads\/2025\/10\/art-gallery-55.jpg\u00a0\u00bb background_size=\u00a0\u00bbinitial\u00a0\u00bb background_repeat=\u00a0\u00bbrepeat\u00a0\u00bb global_colors_info=\u00a0\u00bb{}\u00a0\u00bb][et_pb_row custom_padding_last_edited=\u00a0\u00bboff|phone\u00a0\u00bb _builder_version=\u00a0\u00bb4.16&Prime; background_position=\u00a0\u00bbbottom_center\u00a0\u00bb custom_padding_tablet=\u00a0\u00bb17vw||17vw||false\u00a0\u00bb use_custom_width=\u00a0\u00bbon\u00a0\u00bb width_unit=\u00a0\u00bboff\u00a0\u00bb custom_width_percent=\u00a0\u00bb100%\u00a0\u00bb locked=\u00a0\u00bboff\u00a0\u00bb global_colors_info=\u00a0\u00bb{}\u00a0\u00bb][et_pb_column type=\u00a0\u00bb4_4&Prime; _builder_version=\u00a0\u00bb4.16&Prime; custom_padding=\u00a0\u00bb|||\u00a0\u00bb global_colors_info=\u00a0\u00bb{}\u00a0\u00bb custom_padding__hover=\u00a0\u00bb|||\u00a0\u00bb][et_pb_text _builder_version=\u00a0\u00bb4.27.4&Prime; text_font=\u00a0\u00bb||||||||\u00a0\u00bb header_font=\u00a0\u00bb||||||||\u00a0\u00bb header_2_font=\u00a0\u00bbPrata|500|||||||\u00a0\u00bb header_2_text_align=\u00a0\u00bbleft\u00a0\u00bb header_2_font_size=\u00a0\u00bb56px\u00a0\u00bb header_2_line_height=\u00a0\u00bb1.3em\u00a0\u00bb transform_translate_linked=\u00a0\u00bboff\u00a0\u00bb max_width=\u00a0\u00bb100%\u00a0\u00bb max_width_tablet=\u00a0\u00bb70%\u00a0\u00bb max_width_last_edited=\u00a0\u00bboff|phone\u00a0\u00bb hover_enabled=\u00a0\u00bb0&Prime; header_2_font_size_tablet=\u00a0\u00bb40px\u00a0\u00bb header_2_font_size_phone=\u00a0\u00bb26px\u00a0\u00bb header_2_font_size_last_edited=\u00a0\u00bbon|desktop\u00a0\u00bb global_colors_info=\u00a0\u00bb{}\u00a0\u00bb sticky_enabled=\u00a0\u00bb0&Prime;]<\/p>\n<h2>\u00c0 propos de nous<\/h2>\n<p>[\/et_pb_text][\/et_pb_column][\/et_pb_row][et_pb_row _builder_version=\u00a0\u00bb4.16&Prime; global_colors_info=\u00a0\u00bb{}\u00a0\u00bb][et_pb_column type=\u00a0\u00bb4_4&Prime; _builder_version=\u00a0\u00bb4.16&Prime; custom_padding=\u00a0\u00bb|||\u00a0\u00bb global_colors_info=\u00a0\u00bb{}\u00a0\u00bb custom_padding__hover=\u00a0\u00bb|||\u00a0\u00bb][et_pb_text _builder_version=\u00a0\u00bb4.27.4&Prime; text_font=\u00a0\u00bb||||||||\u00a0\u00bb header_font=\u00a0\u00bb||||||||\u00a0\u00bb max_width=\u00a0\u00bb700px\u00a0\u00bb module_alignment=\u00a0\u00bbcenter\u00a0\u00bb hover_enabled=\u00a0\u00bb0&Prime; global_colors_info=\u00a0\u00bb{}\u00a0\u00bb sticky_enabled=\u00a0\u00bb0&Prime;]<\/p>\n<p><strong>Alliance de l&rsquo;art slave<\/strong> est une organisation \u00e0 but non lucratif d\u00e9vou\u00e9e \u00e0 la pr\u00e9servation et \u00e0 la c\u00e9l\u00e9bration de l&rsquo;h\u00e9ritage remarquable de l&rsquo;art de la mosa\u00efque de l&rsquo;ancienne Union sovi\u00e9tique, une tradition qui s&rsquo;\u00e9tend sur plus de deux mille ans et qui trouve ses racines dans l&rsquo;ancienne M\u00e9sopotamie. Notre travail se concentre sur les r\u00e9gions qui faisaient autrefois partie de l&rsquo;URSS, o\u00f9 les mosa\u00efques monumentales ont servi de puissants moyens d&rsquo;expression culturelle, de r\u00e9cit politique et d&rsquo;innovation artistique pour des g\u00e9n\u00e9rations.<br \/>Alors que le d\u00e9veloppement urbain transforme rapidement les paysages post-sovi\u00e9tiques, d&rsquo;innombrables mosa\u00efques irrempla\u00e7ables sont menac\u00e9es de destruction ou d&rsquo;abandon. Nous documentons, recherchons et d\u00e9fendons ces chefs-d&rsquo;\u0153uvre en voie de disparition avant qu&rsquo;ils ne disparaissent \u00e0 jamais. Gr\u00e2ce \u00e0 nos archives num\u00e9riques compl\u00e8tes, nous cataloguons des centaines de peintures murales organis\u00e9es par r\u00e9gion, d\u00e9cennie, th\u00e8me et artiste, qu&rsquo;il s&rsquo;agisse de ma\u00eetres c\u00e9l\u00e8bres ou de cr\u00e9ateurs anonymes qui ont travaill\u00e9 dans des circonstances difficiles.<\/p>\n<p><strong>Notre mission<\/strong> s&rsquo;\u00e9tend au-del\u00e0 de la pr\u00e9servation. Nous organisons des visites \u00e9ducatives, des ateliers, des colloques universitaires et des expositions qui pr\u00e9sentent cette forme d&rsquo;art unique \u00e0 un public mondial. En explorant les contextes sociaux, politiques et culturels qui ont fa\u00e7onn\u00e9 ces \u0153uvres, nous aidons les gens \u00e0 comprendre les mosa\u00efques non pas simplement comme des reliques d\u00e9coratives, mais comme des fragments de m\u00e9moire collective et d&rsquo;histoire vivante.<\/p>\n<p>Pr\u00e9sentes dans les grandes stations de m\u00e9tro, les palais des travailleurs, les chapelles de village et les places publiques \u00e0 travers de vastes territoires, les mosa\u00efques sovi\u00e9tiques incarnent l&rsquo;esprit artistique et les luttes id\u00e9ologiques de diverses communaut\u00e9s. Avec leurs couleurs vibrantes, leur artisanat complexe et leur \u00e9chelle monumentale, elles repr\u00e9sentent l&rsquo;un des h\u00e9ritages visuels les plus distinctifs du XXe si\u00e8cle, et nous nous engageons \u00e0 faire en sorte que les g\u00e9n\u00e9rations futures puissent les admirer et en tirer des le\u00e7ons.<\/p>\n<p>[\/et_pb_text][\/et_pb_column][\/et_pb_row][\/et_pb_section][et_pb_section fb_built=\u00a0\u00bb1&Prime; admin_label=\u00a0\u00bbAbout\u00a0\u00bb _builder_version=\u00a0\u00bb4.16&Prime; background_image=\u00a0\u00bbhttps:\/\/www.slavicart.org\/wp-content\/uploads\/2025\/10\/art-gallery-55.jpg\u00a0\u00bb background_size=\u00a0\u00bbinitial\u00a0\u00bb background_repeat=\u00a0\u00bbrepeat\u00a0\u00bb global_colors_info=\u00a0\u00bb{}\u00a0\u00bb][et_pb_row column_structure=\u00a0\u00bb2_5,3_5&Prime; _builder_version=\u00a0\u00bb4.16&Prime; max_width=\u00a0\u00bb1280px\u00a0\u00bb global_colors_info=\u00a0\u00bb{}\u00a0\u00bb][et_pb_column type=\u00a0\u00bb2_5&Prime; _builder_version=\u00a0\u00bb4.16&Prime; custom_padding=\u00a0\u00bb|||\u00a0\u00bb global_colors_info=\u00a0\u00bb{}\u00a0\u00bb custom_padding__hover=\u00a0\u00bb|||\u00a0\u00bb][et_pb_image src=\u00a0\u00bbhttps:\/\/www.slavicart.org\/wp-content\/uploads\/2025\/03\/AIG09127.jpg\u00a0\u00bb title_text=\u00a0\u00bbAIG09127&Prime; _builder_version=\u00a0\u00bb4.27.4&Prime; background_image=\u00a0\u00bbhttps:\/\/www.slavicart.org\/wp-content\/uploads\/2025\/10\/art-gallery-56.png\u00a0\u00bb background_size=\u00a0\u00bbinitial\u00a0\u00bb background_position=\u00a0\u00bbbottom_left\u00a0\u00bb max_width_tablet=\u00a0\u00bb560px\u00a0\u00bb max_width_last_edited=\u00a0\u00bboff|tablet\u00a0\u00bb module_alignment=\u00a0\u00bbright\u00a0\u00bb custom_margin=\u00a0\u00bb|-200px||\u00a0\u00bb custom_margin_tablet=\u00a0\u00bb|0px||\u00a0\u00bb custom_margin_phone=\u00a0\u00bb\u00a0\u00bb custom_margin_last_edited=\u00a0\u00bbon|tablet\u00a0\u00bb custom_padding=\u00a0\u00bb||40px|78px||\u00a0\u00bb custom_padding_tablet=\u00a0\u00bb40px|30px|0px|0px\u00a0\u00bb custom_padding_phone=\u00a0\u00bb\u00a0\u00bb custom_padding_last_edited=\u00a0\u00bbon|tablet\u00a0\u00bb background_last_edited=\u00a0\u00bbon|desktop\u00a0\u00bb background_position_tablet=\u00a0\u00bbtop_right\u00a0\u00bb box_shadow_style=\u00a0\u00bbpreset3&Prime; box_shadow_vertical=\u00a0\u00bb20px\u00a0\u00bb box_shadow_blur=\u00a0\u00bb80px\u00a0\u00bb box_shadow_spread=\u00a0\u00bb0px\u00a0\u00bb box_shadow_color=\u00a0\u00bbrgba(67,58,122,0.2)\u00a0\u00bb global_colors_info=\u00a0\u00bb{}\u00a0\u00bb][\/et_pb_image][et_pb_image src=\u00a0\u00bbhttps:\/\/www.slavicart.org\/wp-content\/uploads\/2025\/03\/AIG08782-1.jpg\u00a0\u00bb title_text=\u00a0\u00bbAIG08782 (1)\u00a0\u00bb _builder_version=\u00a0\u00bb4.27.4&Prime; background_image=\u00a0\u00bbhttps:\/\/www.slavicart.org\/wp-content\/uploads\/2025\/10\/art-gallery-59.png\u00a0\u00bb background_size=\u00a0\u00bbinitial\u00a0\u00bb background_position=\u00a0\u00bbtop_right\u00a0\u00bb max_width=\u00a0\u00bb560px\u00a0\u00bb module_alignment=\u00a0\u00bbright\u00a0\u00bb custom_margin=\u00a0\u00bb||30px\u00a0\u00bb custom_padding=\u00a0\u00bb40px|40px||\u00a0\u00bb custom_padding_tablet=\u00a0\u00bb|30px||\u00a0\u00bb custom_padding_phone=\u00a0\u00bb\u00a0\u00bb custom_padding_last_edited=\u00a0\u00bbon|desktop\u00a0\u00bb box_shadow_style=\u00a0\u00bbpreset3&Prime; box_shadow_vertical=\u00a0\u00bb20px\u00a0\u00bb box_shadow_blur=\u00a0\u00bb80px\u00a0\u00bb box_shadow_spread=\u00a0\u00bb0px\u00a0\u00bb box_shadow_color=\u00a0\u00bbrgba(67,58,122,0.2)\u00a0\u00bb global_colors_info=\u00a0\u00bb{}\u00a0\u00bb][\/et_pb_image][\/et_pb_column][et_pb_column type=\u00a0\u00bb3_5&Prime; _builder_version=\u00a0\u00bb4.16&Prime; custom_padding=\u00a0\u00bb|||\u00a0\u00bb global_colors_info=\u00a0\u00bb{}\u00a0\u00bb custom_padding__hover=\u00a0\u00bb|||\u00a0\u00bb][et_pb_text _builder_version=\u00a0\u00bb4.27.4&Prime; text_font=\u00a0\u00bb||||||||\u00a0\u00bb header_font=\u00a0\u00bb|700|||||||\u00a0\u00bb header_font_size=\u00a0\u00bb20px\u00a0\u00bb header_line_height=\u00a0\u00bb1.3em\u00a0\u00bb header_3_font=\u00a0\u00bb|700|||||||\u00a0\u00bb header_3_font_size=\u00a0\u00bb30px\u00a0\u00bb header_3_line_height=\u00a0\u00bb1.3em\u00a0\u00bb background_color=\u00a0\u00bb#ffffff\u00a0\u00bb custom_margin=\u00a0\u00bb150px||\u00a0\u00bb custom_margin_tablet=\u00a0\u00bb0px|||\u00a0\u00bb custom_margin_phone=\u00a0\u00bb\u00a0\u00bb custom_margin_last_edited=\u00a0\u00bbon|tablet\u00a0\u00bb custom_padding=\u00a0\u00bb40px|40px|40px|40px|true|true\u00a0\u00bb header_font_size_tablet=\u00a0\u00bb\u00a0\u00bb header_font_size_phone=\u00a0\u00bb\u00a0\u00bb header_font_size_last_edited=\u00a0\u00bbon|desktop\u00a0\u00bb box_shadow_style=\u00a0\u00bbpreset3&Prime; box_shadow_horizontal=\u00a0\u00bb-70px\u00a0\u00bb box_shadow_vertical=\u00a0\u00bb70px\u00a0\u00bb box_shadow_blur=\u00a0\u00bb80px\u00a0\u00bb box_shadow_spread=\u00a0\u00bb0px\u00a0\u00bb box_shadow_color=\u00a0\u00bbrgba(67,58,122,0.1)\u00a0\u00bb global_colors_info=\u00a0\u00bb{}\u00a0\u00bb]<\/p>\n<h3>Nos valeurs fondamentales<strong><\/strong><\/h3>\n<p><strong><\/strong><\/p>\n<p><strong>La pr\u00e9servation par l&rsquo;action<\/strong> \u2014 Nous ne nous contentons pas d&rsquo;\u00e9tudier les mosa\u00efques, nous travaillons activement \u00e0 les sauver. Gr\u00e2ce \u00e0 des partenariats avec les communaut\u00e9s locales, les municipalit\u00e9s et les organisations internationales, nous mettons en \u0153uvre des projets de restauration, plaidons pour des protections juridiques et fournissons une expertise technique pour garantir que ces \u0153uvres d&rsquo;art survivent pour \u00eatre appr\u00e9ci\u00e9es \u00e0 l&rsquo;avenir.<\/p>\n<p><strong>\u00c9ducation et sensibilisation<\/strong> \u2014 La connaissance est le fondement de la pr\u00e9servation. Nous cr\u00e9ons des programmes \u00e9ducatifs, des visites guid\u00e9es, des ateliers et des ressources universitaires qui aident divers publics \u00e0 comprendre la valeur artistique, la signification historique et le contexte culturel de l&rsquo;art de la mosa\u00efque sovi\u00e9tique.<\/p>\n<p><strong>Communaut\u00e9 et collaboration<\/strong> \u2014 La pr\u00e9servation des mosa\u00efques n\u00e9cessite un effort collectif. Nous mettons en relation des passionn\u00e9s, des universitaires, des artistes, des historiens locaux et des sp\u00e9cialistes de la conservation du monde entier qui partagent notre passion. Gr\u00e2ce \u00e0 notre plateforme, nous encourageons le dialogue, partageons la recherche et coordonnons les efforts de conservation qui transcendent les fronti\u00e8res.<\/p>\n<p>[\/et_pb_text][\/et_pb_column][\/et_pb_row][\/et_pb_section][et_pb_section fb_built=\u00a0\u00bb1&Prime; admin_label=\u00a0\u00bbFeatures\u00a0\u00bb _builder_version=\u00a0\u00bb4.16&Prime; background_image=\u00a0\u00bbhttps:\/\/www.slavicart.org\/wp-content\/uploads\/2025\/10\/art-gallery-55.jpg\u00a0\u00bb background_size=\u00a0\u00bbinitial\u00a0\u00bb background_repeat=\u00a0\u00bbrepeat\u00a0\u00bb global_colors_info=\u00a0\u00bb{}\u00a0\u00bb][et_pb_row custom_padding_last_edited=\u00a0\u00bboff|phone\u00a0\u00bb _builder_version=\u00a0\u00bb4.16&Prime; background_position=\u00a0\u00bbbottom_center\u00a0\u00bb custom_padding_tablet=\u00a0\u00bb17vw||17vw||false\u00a0\u00bb use_custom_width=\u00a0\u00bbon\u00a0\u00bb width_unit=\u00a0\u00bboff\u00a0\u00bb custom_width_percent=\u00a0\u00bb100%\u00a0\u00bb locked=\u00a0\u00bboff\u00a0\u00bb global_colors_info=\u00a0\u00bb{}\u00a0\u00bb][et_pb_column type=\u00a0\u00bb4_4&Prime; _builder_version=\u00a0\u00bb4.16&Prime; custom_padding=\u00a0\u00bb|||\u00a0\u00bb global_colors_info=\u00a0\u00bb{}\u00a0\u00bb custom_padding__hover=\u00a0\u00bb|||\u00a0\u00bb][et_pb_text _builder_version=\u00a0\u00bb4.27.4&Prime; text_font=\u00a0\u00bb||||||||\u00a0\u00bb header_font=\u00a0\u00bb||||||||\u00a0\u00bb header_2_font=\u00a0\u00bbPrata|500|||||||\u00a0\u00bb header_2_font_size=\u00a0\u00bb56px\u00a0\u00bb header_2_line_height=\u00a0\u00bb1.3em\u00a0\u00bb header_3_font=\u00a0\u00bb|700||on|||||\u00a0\u00bb header_3_text_color=\u00a0\u00bbrgba(0,0,0,0.35)\u00a0\u00bb header_3_font_size=\u00a0\u00bb12px\u00a0\u00bb header_3_letter_spacing=\u00a0\u00bb5px\u00a0\u00bb header_3_line_height=\u00a0\u00bb2em\u00a0\u00bb transform_translate_linked=\u00a0\u00bboff\u00a0\u00bb text_orientation=\u00a0\u00bbcenter\u00a0\u00bb max_width=\u00a0\u00bb700px\u00a0\u00bb max_width_tablet=\u00a0\u00bb70%\u00a0\u00bb max_width_last_edited=\u00a0\u00bboff|phone\u00a0\u00bb module_alignment=\u00a0\u00bbcenter\u00a0\u00bb header_2_font_size_tablet=\u00a0\u00bb40px\u00a0\u00bb header_2_font_size_phone=\u00a0\u00bb26px\u00a0\u00bb header_2_font_size_last_edited=\u00a0\u00bbon|phone\u00a0\u00bb header_3_font_size_phone=\u00a0\u00bb10px\u00a0\u00bb header_3_font_size_last_edited=\u00a0\u00bboff|desktop\u00a0\u00bb module_alignment_last_edited=\u00a0\u00bboff|desktop\u00a0\u00bb text_text_align=\u00a0\u00bbcenter\u00a0\u00bb global_colors_info=\u00a0\u00bb{}\u00a0\u00bb]<\/p>\n<h2>Notre mission en action<\/h2>\n<p>[\/et_pb_text][\/et_pb_column][\/et_pb_row][et_pb_row column_structure=\u00a0\u00bb1_4,1_4,1_4,1_4&Prime; use_custom_gutter=\u00a0\u00bbon\u00a0\u00bb gutter_width=\u00a0\u00bb2&Prime; _builder_version=\u00a0\u00bb4.16&Prime; locked=\u00a0\u00bboff\u00a0\u00bb global_colors_info=\u00a0\u00bb{}\u00a0\u00bb][et_pb_column type=\u00a0\u00bb1_4&Prime; _builder_version=\u00a0\u00bb4.16&Prime; custom_padding=\u00a0\u00bb|||\u00a0\u00bb global_colors_info=\u00a0\u00bb{}\u00a0\u00bb custom_padding__hover=\u00a0\u00bb|||\u00a0\u00bb][et_pb_image src=\u00a0\u00bbhttps:\/\/www.slavicart.org\/wp-content\/uploads\/2025\/10\/Untitled-design-94.jpg\u00a0\u00bb title_text=\u00a0\u00bbConception sans titre (94)\u00a0\u00bb align=\u00a0\u00bbcenter\u00a0\u00bb _builder_version=\u00a0\u00bb4.27.4&Prime; border_width_all=\u00a0\u00bb16px\u00a0\u00bb border_color_all=\u00a0\u00bb#ffffff\u00a0\u00bb border_width_all_last_edited=\u00a0\u00bboff|desktop\u00a0\u00bb box_shadow_style=\u00a0\u00bbpreset4&Prime; box_shadow_horizontal=\u00a0\u00bb0px\u00a0\u00bb box_shadow_vertical=\u00a0\u00bb0px\u00a0\u00bb box_shadow_spread=\u00a0\u00bb1px\u00a0\u00bb box_shadow_color=\u00a0\u00bbrgba(0,0,0,0.34)\u00a0\u00bb global_colors_info=\u00a0\u00bb{}\u00a0\u00bb box_shadow_color__hover=\u00a0\u00bb#000000&Prime; border_width_all__hover=\u00a0\u00bb20px\u00a0\u00bb][\/et_pb_image][et_pb_text ul_position=\u00a0\u00bbinside\u00a0\u00bb _builder_version=\u00a0\u00bb4.27.4&Prime; text_font=\u00a0\u00bb||||||||\u00a0\u00bb ul_font=\u00a0\u00bb||||||||\u00a0\u00bb header_font=\u00a0\u00bb|700|||||||\u00a0\u00bb header_font_size=\u00a0\u00bb20px\u00a0\u00bb header_line_height=\u00a0\u00bb1.3em\u00a0\u00bb header_3_font=\u00a0\u00bb|700|||||||\u00a0\u00bb header_3_font_size=\u00a0\u00bb14px\u00a0\u00bb header_3_line_height=\u00a0\u00bb1.3em\u00a0\u00bb text_orientation=\u00a0\u00bbcenter\u00a0\u00bb text_text_align=\u00a0\u00bbcenter\u00a0\u00bb locked=\u00a0\u00bboff\u00a0\u00bb global_colors_info=\u00a0\u00bb{}\u00a0\u00bb]<\/p>\n<h3>Explorer l&rsquo;Histoire de la Mosa\u00efque<\/h3>\n<p>Parcourez notre collection organis\u00e9e pr\u00e9sentant des centaines de peintures murales organis\u00e9es par r\u00e9gion, d\u00e9cennie et th\u00e8me. D\u00e9couvrez les artistes, c\u00e9l\u00e8bres et m\u00e9connus, qui ont cr\u00e9\u00e9 ces \u0153uvres massives.<\/p>\n<p>[\/et_pb_text][\/et_pb_column][et_pb_column type=\u00a0\u00bb1_4&Prime; _builder_version=\u00a0\u00bb4.16&Prime; custom_padding=\u00a0\u00bb|||\u00a0\u00bb global_colors_info=\u00a0\u00bb{}\u00a0\u00bb custom_padding__hover=\u00a0\u00bb|||\u00a0\u00bb][et_pb_image src=\u00a0\u00bbhttps:\/\/www.slavicart.org\/wp-content\/uploads\/2025\/10\/Untitled-design-95.jpg\u00a0\u00bb title_text=\u00a0\u00bbConception sans titre (95)\u00a0\u00bb align=\u00a0\u00bbcenter\u00a0\u00bb _builder_version=\u00a0\u00bb4.27.4&Prime; border_width_all=\u00a0\u00bb16px\u00a0\u00bb border_color_all=\u00a0\u00bb#ffffff\u00a0\u00bb border_width_all_last_edited=\u00a0\u00bboff|desktop\u00a0\u00bb box_shadow_style=\u00a0\u00bbpreset4&Prime; box_shadow_horizontal=\u00a0\u00bb0px\u00a0\u00bb box_shadow_vertical=\u00a0\u00bb0px\u00a0\u00bb box_shadow_spread=\u00a0\u00bb1px\u00a0\u00bb box_shadow_color=\u00a0\u00bbrgba(0,0,0,0.34)\u00a0\u00bb global_colors_info=\u00a0\u00bb{}\u00a0\u00bb box_shadow_color__hover=\u00a0\u00bb#000000&Prime; border_width_all__hover=\u00a0\u00bb20px\u00a0\u00bb][\/et_pb_image][et_pb_text ul_position=\u00a0\u00bbinside\u00a0\u00bb _builder_version=\u00a0\u00bb4.27.4&Prime; text_font=\u00a0\u00bb||||||||\u00a0\u00bb ul_font=\u00a0\u00bb||||||||\u00a0\u00bb header_font=\u00a0\u00bb|700|||||||\u00a0\u00bb header_font_size=\u00a0\u00bb20px\u00a0\u00bb header_line_height=\u00a0\u00bb1.3em\u00a0\u00bb header_3_font=\u00a0\u00bb|700|||||||\u00a0\u00bb header_3_font_size=\u00a0\u00bb14px\u00a0\u00bb header_3_line_height=\u00a0\u00bb1.3em\u00a0\u00bb text_orientation=\u00a0\u00bbcenter\u00a0\u00bb text_text_align=\u00a0\u00bbcenter\u00a0\u00bb locked=\u00a0\u00bboff\u00a0\u00bb global_colors_info=\u00a0\u00bb{}\u00a0\u00bb]<\/p>\n<h3>Programmes \u00e9ducatifs<\/h3>\n<p>Participez \u00e0 nos visites \u00e9ducatives, ateliers et expositions con\u00e7us pour favoriser une large appr\u00e9ciation et compr\u00e9hension de l&rsquo;art de la mosa\u00efque sovi\u00e9tique et de son importance culturelle unique.<\/p>\n<p>[\/et_pb_text][\/et_pb_column][et_pb_column type=\u00a0\u00bb1_4&Prime; _builder_version=\u00a0\u00bb4.16&Prime; custom_padding=\u00a0\u00bb|||\u00a0\u00bb global_colors_info=\u00a0\u00bb{}\u00a0\u00bb custom_padding__hover=\u00a0\u00bb|||\u00a0\u00bb][et_pb_image src=\u00a0\u00bbhttps:\/\/www.slavicart.org\/wp-content\/uploads\/2025\/10\/3.jpg\u00a0\u00bb title_text=\u00a0\u00bb3&Prime; align=\u00a0\u00bbcenter\u00a0\u00bb _builder_version=\u00a0\u00bb4.27.4&Prime; border_width_all=\u00a0\u00bb16px\u00a0\u00bb border_color_all=\u00a0\u00bb#ffffff\u00a0\u00bb border_width_all_last_edited=\u00a0\u00bboff|desktop\u00a0\u00bb box_shadow_style=\u00a0\u00bbpreset4&Prime; box_shadow_horizontal=\u00a0\u00bb0px\u00a0\u00bb box_shadow_vertical=\u00a0\u00bb0px\u00a0\u00bb box_shadow_spread=\u00a0\u00bb1px\u00a0\u00bb box_shadow_color=\u00a0\u00bbrgba(0,0,0,0.34)\u00a0\u00bb global_colors_info=\u00a0\u00bb{}\u00a0\u00bb box_shadow_color__hover=\u00a0\u00bb#000000&Prime; border_width_all__hover=\u00a0\u00bb20px\u00a0\u00bb][\/et_pb_image][et_pb_text ul_position=\u00a0\u00bbinside\u00a0\u00bb _builder_version=\u00a0\u00bb4.27.4&Prime; text_font=\u00a0\u00bb||||||||\u00a0\u00bb ul_font=\u00a0\u00bb||||||||\u00a0\u00bb header_font=\u00a0\u00bb|700|||||||\u00a0\u00bb header_font_size=\u00a0\u00bb20px\u00a0\u00bb header_line_height=\u00a0\u00bb1.3em\u00a0\u00bb header_3_font=\u00a0\u00bb|700|||||||\u00a0\u00bb header_3_font_size=\u00a0\u00bb14px\u00a0\u00bb header_3_line_height=\u00a0\u00bb1.3em\u00a0\u00bb text_orientation=\u00a0\u00bbcenter\u00a0\u00bb text_text_align=\u00a0\u00bbcenter\u00a0\u00bb locked=\u00a0\u00bboff\u00a0\u00bb global_colors_info=\u00a0\u00bb{}\u00a0\u00bb]<\/p>\n<h3>Mission de conservation<\/h3>\n<p class=\"whitespace-normal break-words\">D\u00e9couvrez nos efforts pour cataloguer, conserver et promouvoir ces chefs-d&rsquo;\u0153uvre, en veillant \u00e0 ce qu&rsquo;ils soient admir\u00e9s et pr\u00e9serv\u00e9s pour les g\u00e9n\u00e9rations futures dans diverses r\u00e9gions.<\/p>\n<p>[\/et_pb_text][\/et_pb_column][et_pb_column type=\u00a0\u00bb1_4&Prime; _builder_version=\u00a0\u00bb4.16&Prime; custom_padding=\u00a0\u00bb|||\u00a0\u00bb global_colors_info=\u00a0\u00bb{}\u00a0\u00bb custom_padding__hover=\u00a0\u00bb|||\u00a0\u00bb][et_pb_image src=\u00a0\u00bbhttps:\/\/www.slavicart.org\/wp-content\/uploads\/2025\/10\/5.jpg\u00a0\u00bb title_text=\u00a0\u00bb5&Prime; align=\u00a0\u00bbcenter\u00a0\u00bb _builder_version=\u00a0\u00bb4.27.4&Prime; border_width_all=\u00a0\u00bb16px\u00a0\u00bb border_color_all=\u00a0\u00bb#ffffff\u00a0\u00bb border_width_all_last_edited=\u00a0\u00bboff|desktop\u00a0\u00bb box_shadow_style=\u00a0\u00bbpreset4&Prime; box_shadow_horizontal=\u00a0\u00bb0px\u00a0\u00bb box_shadow_vertical=\u00a0\u00bb0px\u00a0\u00bb box_shadow_spread=\u00a0\u00bb1px\u00a0\u00bb box_shadow_color=\u00a0\u00bbrgba(0,0,0,0.34)\u00a0\u00bb locked=\u00a0\u00bboff\u00a0\u00bb global_colors_info=\u00a0\u00bb{}\u00a0\u00bb box_shadow_color__hover=\u00a0\u00bb#000000&Prime; border_width_all__hover=\u00a0\u00bb20px\u00a0\u00bb][\/et_pb_image][et_pb_text ul_position=\u00a0\u00bbinside\u00a0\u00bb _builder_version=\u00a0\u00bb4.27.4&Prime; text_font=\u00a0\u00bb||||||||\u00a0\u00bb ul_font=\u00a0\u00bb||||||||\u00a0\u00bb header_font=\u00a0\u00bb|700|||||||\u00a0\u00bb header_font_size=\u00a0\u00bb20px\u00a0\u00bb header_line_height=\u00a0\u00bb1.3em\u00a0\u00bb header_3_font=\u00a0\u00bb|700|||||||\u00a0\u00bb header_3_font_size=\u00a0\u00bb14px\u00a0\u00bb header_3_line_height=\u00a0\u00bb1.3em\u00a0\u00bb text_orientation=\u00a0\u00bbcenter\u00a0\u00bb text_text_align=\u00a0\u00bbcenter\u00a0\u00bb locked=\u00a0\u00bboff\u00a0\u00bb global_colors_info=\u00a0\u00bb{}\u00a0\u00bb]<\/p>\n<h3>Recherche et contexte<\/h3>\n<p>Explorez la recherche universitaire qui r\u00e9v\u00e8le le riche contexte social, politique et culturel de ces \u0153uvres d&rsquo;art et les efforts continus pour les documenter avant qu&rsquo;elles ne disparaissent. <\/p>\n<p>[\/et_pb_text][\/et_pb_column][\/et_pb_row][\/et_pb_section][et_pb_section fb_built=\u00a0\u00bb1&Prime; admin_label=\u00a0\u00bbFooter\u00a0\u00bb _builder_version=\u00a0\u00bb4.16&Prime; background_size=\u00a0\u00bbinitial\u00a0\u00bb background_repeat=\u00a0\u00bbrepeat-y\u00a0\u00bb custom_padding=\u00a0\u00bb0px|||||\u00a0\u00bb saved_tabs=\u00a0\u00bball\u00a0\u00bb locked=\u00a0\u00bboff\u00a0\u00bb global_colors_info=\u00a0\u00bb{}\u00a0\u00bb][\/et_pb_section]<\/p>\n","protected":false},"excerpt":{"rendered":"<p>\u00c0 propos de nous Alliance de l&rsquo;art slave est une organisation \u00e0 but non lucratif d\u00e9vou\u00e9e \u00e0 la pr\u00e9servation et \u00e0 la c\u00e9l\u00e9bration de l&rsquo;h\u00e9ritage remarquable de l&rsquo;art de la mosa\u00efque de l&rsquo;ancienne Union sovi\u00e9tique, une tradition qui s&rsquo;\u00e9tend sur plus de deux mille ans et qui trouve ses racines dans l&rsquo;ancienne M\u00e9sopotamie. Notre travail [&hellip;]<\/p>\n","protected":false},"author":1,"featured_media":0,"parent":0,"menu_order":0,"comment_status":"closed","ping_status":"closed","template":"","meta":{"_et_pb_use_builder":"on","_et_pb_old_content":"","_et_gb_content_width":"","inline_featured_image":false,"footnotes":""},"class_list":["post-924","page","type-page","status-publish","hentry"],"_links":{"self":[{"href":"https:\/\/www.slavicart.org\/fr\/wp-json\/wp\/v2\/pages\/924","targetHints":{"allow":["GET"]}}],"collection":[{"href":"https:\/\/www.slavicart.org\/fr\/wp-json\/wp\/v2\/pages"}],"about":[{"href":"https:\/\/www.slavicart.org\/fr\/wp-json\/wp\/v2\/types\/page"}],"author":[{"embeddable":true,"href":"https:\/\/www.slavicart.org\/fr\/wp-json\/wp\/v2\/users\/1"}],"replies":[{"embeddable":true,"href":"https:\/\/www.slavicart.org\/fr\/wp-json\/wp\/v2\/comments?post=924"}],"version-history":[{"count":3,"href":"https:\/\/www.slavicart.org\/fr\/wp-json\/wp\/v2\/pages\/924\/revisions"}],"predecessor-version":[{"id":1099,"href":"https:\/\/www.slavicart.org\/fr\/wp-json\/wp\/v2\/pages\/924\/revisions\/1099"}],"wp:attachment":[{"href":"https:\/\/www.slavicart.org\/fr\/wp-json\/wp\/v2\/media?parent=924"}],"curies":[{"name":"wp","href":"https:\/\/api.w.org\/{rel}","templated":true}]}}